{"id":2091,"date":"2020-07-28T21:32:36","date_gmt":"2020-07-29T00:32:36","guid":{"rendered":"http:\/\/canteras.mase.ar\/product\/danae-2\/"},"modified":"2021-06-05T12:48:14","modified_gmt":"2021-06-05T15:48:14","slug":"danae-2","status":"publish","type":"product","link":"https:\/\/www.canterasdelmundo.com\/pro\/product\/danae-2\/","title":{"rendered":"Danae"},"content":{"rendered":"","protected":false},"excerpt":{"rendered":"<p class=\"descripcion-producto\">Como arena que se mueve en el desierto, distintos tonos de beige se plasman a lo largo de esta superficie para atrapar esa esencia del movimiento.<\/p>\n<h5 class=\"spec-title-producto\">Formato<\/h5>\n<p><span class=\"spec-producto\">3.2 x 1.44m<\/span><\/p>\n<h5 class=\"spec-title-producto\">Espesores<\/h5>\n<p><span class=\"spec-producto\">8mm<\/span><\/p>\n<h5 class=\"spec-title-producto\">Texturas<\/h5>\n<p class=\"m-0\"><img decoding=\"async\" class=\"size-full wp-image-2722 alignnone lazyload\" data-src=\"http:\/\/www.canterasdelmundo.com\/pro\/wp-content\/uploads\/2020\/08\/iconos-ragolia-29.svg\" alt=\"\" src=\"data:image\/svg+xml;base64,PHN2ZyB3aWR0aD0iMSIgaGVpZ2h0PSIxIiB4bWxucz0iaHR0cDovL3d3dy53My5vcmcvMjAwMC9zdmciPjwvc3ZnPg==\" \/><\/p>\n<p><span class=\"spec-producto\">MATE<\/span><\/p>\n<p>Debido a su gran dureza y baja porosidad, Dekton est\u00e1 preparado para resistir impactos y agresiones de distinta naturaleza. Es un material preparado para cualquier tipo de uso: residencial, comercial, corporativo; interior y exterior. Su gran tama\u00f1o, delgado espesor y ligereza ampl\u00edan exponencialmente las posibilidades de dise\u00f1o en fachadas, pisos y revestimientos.<\/p>\n","protected":false},"featured_media":2907,"comment_status":"open","ping_status":"closed","template":"","meta":{"_acf_changed":false},"product_brand":[],"product_cat":[114],"product_tag":[],"class_list":{"0":"post-2091","1":"product","2":"type-product","3":"status-publish","4":"has-post-thumbnail","6":"product_cat-dekton","8":"first","9":"instock","10":"shipping-taxable","11":"product-type-simple"},"acf":[],"_links":{"self":[{"href":"https:\/\/www.canterasdelmundo.com\/pro\/wp-json\/wp\/v2\/product\/2091","targetHints":{"allow":["GET"]}}],"collection":[{"href":"https:\/\/www.canterasdelmundo.com\/pro\/wp-json\/wp\/v2\/product"}],"about":[{"href":"https:\/\/www.canterasdelmundo.com\/pro\/wp-json\/wp\/v2\/types\/product"}],"replies":[{"embeddable":true,"href":"https:\/\/www.canterasdelmundo.com\/pro\/wp-json\/wp\/v2\/comments?post=2091"}],"wp:featuredmedia":[{"embeddable":true,"href":"https:\/\/www.canterasdelmundo.com\/pro\/wp-json\/wp\/v2\/media\/2907"}],"wp:attachment":[{"href":"https:\/\/www.canterasdelmundo.com\/pro\/wp-json\/wp\/v2\/media?parent=2091"}],"wp:term":[{"taxonomy":"product_brand","embeddable":true,"href":"https:\/\/www.canterasdelmundo.com\/pro\/wp-json\/wp\/v2\/product_brand?post=2091"},{"taxonomy":"product_cat","embeddable":true,"href":"https:\/\/www.canterasdelmundo.com\/pro\/wp-json\/wp\/v2\/product_cat?post=2091"},{"taxonomy":"product_tag","embeddable":true,"href":"https:\/\/www.canterasdelmundo.com\/pro\/wp-json\/wp\/v2\/product_tag?post=2091"}],"curies":[{"name":"wp","href":"https:\/\/api.w.org\/{rel}","templated":true}]}}