{"id":3713,"date":"2021-01-06T15:48:42","date_gmt":"2021-01-06T18:48:42","guid":{"rendered":"http:\/\/canteras.mase.ar\/product\/import-placeholder-for-3710\/"},"modified":"2021-04-29T15:23:57","modified_gmt":"2021-04-29T18:23:57","slug":"bergen","status":"publish","type":"product","link":"https:\/\/www.canterasdelmundo.com\/pro\/product\/bergen\/","title":{"rendered":"Bergen"},"content":{"rendered":"","protected":false},"excerpt":{"rendered":"<p class=\"descripcion-producto\">Inspirado en la piedra natural Portobello, busca la perfecci\u00f3n en tono, estructura y fondo. La belleza de sus vetas gris\u00e1ceas con patr\u00f3n escult\u00f3rico, sobre una base blanquecina con aguas cuidadas lo convierte en un dise\u00f1o de tendencia cargado de personalidad y elegancia.<\/p>\n<h5 class=\"spec-title-producto\">Formato<\/h5>\n<p><span class=\"spec-producto\">1,40 x 1,40m<\/span><br \/>\n<span class=\"spec-producto\">1,40 x 1,60m<\/span><br \/>\n<span class=\"spec-producto\">1,00 x 2,60m<\/span><br \/>\n<span class=\"spec-producto\">1,40 x 3,20m<\/span><\/p>\n<h5 class=\"spec-title-producto\">Espesores<\/h5>\n<p><span class=\"spec-producto\">8<\/span><\/p>\n<h5 class=\"spec-title-producto\">Texturas<\/h5>\n<p><span class=\"spec-producto\">Mate<\/span><\/p>\n<div class=\"modulos-resistencias\">\n<h5 class=\"spec-title-producto\">Resistencia al rayado:<\/h5>\n<div class=\"resistencia-levels\">\n<div class=\"resistencia-active\"><\/div>\n<div class=\"resistencia-active\"><\/div>\n<div class=\"resistencia-active\"><\/div>\n<div class=\"resistencia-active\"><\/div>\n<div class=\"resistencia-inactive\"><\/div>\n<\/div>\n<\/div>\n<div class=\"modulos-resistencias\">\n<h5 class=\"spec-title-producto\">Resistencia a las manchas:<\/h5>\n<div class=\"resistencia-levels\">\n<div class=\"resistencia-active\"><\/div>\n<div class=\"resistencia-active\"><\/div>\n<div class=\"resistencia-active\"><\/div>\n<div class=\"resistencia-active\"><\/div>\n<div class=\"resistencia-inactive\"><\/div>\n<\/div>\n<\/div>\n","protected":false},"featured_media":2587,"comment_status":"open","ping_status":"closed","template":"","meta":{"_acf_changed":false},"product_brand":[],"product_cat":[140],"product_tag":[],"class_list":{"0":"post-3713","1":"product","2":"type-product","3":"status-publish","4":"has-post-thumbnail","6":"product_cat-modulos-dekton","8":"first","9":"instock","10":"shipping-taxable","11":"product-type-simple"},"acf":[],"_links":{"self":[{"href":"https:\/\/www.canterasdelmundo.com\/pro\/wp-json\/wp\/v2\/product\/3713","targetHints":{"allow":["GET"]}}],"collection":[{"href":"https:\/\/www.canterasdelmundo.com\/pro\/wp-json\/wp\/v2\/product"}],"about":[{"href":"https:\/\/www.canterasdelmundo.com\/pro\/wp-json\/wp\/v2\/types\/product"}],"replies":[{"embeddable":true,"href":"https:\/\/www.canterasdelmundo.com\/pro\/wp-json\/wp\/v2\/comments?post=3713"}],"wp:featuredmedia":[{"embeddable":true,"href":"https:\/\/www.canterasdelmundo.com\/pro\/wp-json\/wp\/v2\/media\/2587"}],"wp:attachment":[{"href":"https:\/\/www.canterasdelmundo.com\/pro\/wp-json\/wp\/v2\/media?parent=3713"}],"wp:term":[{"taxonomy":"product_brand","embeddable":true,"href":"https:\/\/www.canterasdelmundo.com\/pro\/wp-json\/wp\/v2\/product_brand?post=3713"},{"taxonomy":"product_cat","embeddable":true,"href":"https:\/\/www.canterasdelmundo.com\/pro\/wp-json\/wp\/v2\/product_cat?post=3713"},{"taxonomy":"product_tag","embeddable":true,"href":"https:\/\/www.canterasdelmundo.com\/pro\/wp-json\/wp\/v2\/product_tag?post=3713"}],"curies":[{"name":"wp","href":"https:\/\/api.w.org\/{rel}","templated":true}]}}