{"id":3753,"date":"2021-02-23T21:14:00","date_gmt":"2021-02-24T00:14:00","guid":{"rendered":"http:\/\/canteras.mase.ar\/?post_type=product&#038;p=3753"},"modified":"2021-05-03T15:31:25","modified_gmt":"2021-05-03T18:31:25","slug":"alpinus","status":"publish","type":"product","link":"https:\/\/www.canterasdelmundo.com\/pro\/product\/alpinus\/","title":{"rendered":"Alpinus"},"content":{"rendered":"","protected":false},"excerpt":{"rendered":"<p class=\"descripcion-producto\">Este granito un sello de personalidad por su paleta crom\u00e1tica de grises, marrones y marfiles; Delicado y et\u00e9reo en su aspecto. Pleno de sutileza que conjuga perfectamente con materiales c\u00e1lidos o fr\u00edos y se mimetiza en espacios de esp\u00edritu minimalista.<\/p>\n<h5 class=\"spec-title-producto\">Dureza<\/h5>\n<p><span class=\"spec-producto\">Media\/Alta<\/span><\/p>\n<h5 class=\"spec-title-producto\">Formato<\/h5>\n<p><span class=\"spec-producto\">3.1 x 1.8m *Cada bloque es unico, por lo cual la medida de las placas es variable.<\/span><\/p>\n<h5 class=\"spec-title-producto\">Espesores<\/h5>\n<p><span class=\"spec-producto\">20mm<\/span><\/p>\n<h5 class=\"spec-title-producto\">Texturas<\/h5>\n<div class=\"contenedor-texturas\">\n<div class=\"textura\">\n<p class=\"m-0\"><img decoding=\"async\" class=\"size-full wp-image-2722 alignnone lazyload\" data-src=\"http:\/\/www.canterasdelmundo.com\/pro\/wp-content\/uploads\/2020\/08\/iconos-ragolia-30.svg\" alt=\"\" src=\"data:image\/svg+xml;base64,PHN2ZyB3aWR0aD0iMSIgaGVpZ2h0PSIxIiB4bWxucz0iaHR0cDovL3d3dy53My5vcmcvMjAwMC9zdmciPjwvc3ZnPg==\" \/><\/p>\n<p><span class=\"spec-producto\">PULIDO<\/span><\/p>\n<\/div>\n<\/div>\n","protected":false},"featured_media":2950,"comment_status":"open","ping_status":"closed","template":"","meta":{"_acf_changed":false},"product_brand":[],"product_cat":[128],"product_tag":[],"class_list":{"0":"post-3753","1":"product","2":"type-product","3":"status-publish","4":"has-post-thumbnail","6":"product_cat-granito","8":"first","9":"instock","10":"shipping-taxable","11":"product-type-simple"},"acf":[],"_links":{"self":[{"href":"https:\/\/www.canterasdelmundo.com\/pro\/wp-json\/wp\/v2\/product\/3753","targetHints":{"allow":["GET"]}}],"collection":[{"href":"https:\/\/www.canterasdelmundo.com\/pro\/wp-json\/wp\/v2\/product"}],"about":[{"href":"https:\/\/www.canterasdelmundo.com\/pro\/wp-json\/wp\/v2\/types\/product"}],"replies":[{"embeddable":true,"href":"https:\/\/www.canterasdelmundo.com\/pro\/wp-json\/wp\/v2\/comments?post=3753"}],"wp:featuredmedia":[{"embeddable":true,"href":"https:\/\/www.canterasdelmundo.com\/pro\/wp-json\/wp\/v2\/media\/2950"}],"wp:attachment":[{"href":"https:\/\/www.canterasdelmundo.com\/pro\/wp-json\/wp\/v2\/media?parent=3753"}],"wp:term":[{"taxonomy":"product_brand","embeddable":true,"href":"https:\/\/www.canterasdelmundo.com\/pro\/wp-json\/wp\/v2\/product_brand?post=3753"},{"taxonomy":"product_cat","embeddable":true,"href":"https:\/\/www.canterasdelmundo.com\/pro\/wp-json\/wp\/v2\/product_cat?post=3753"},{"taxonomy":"product_tag","embeddable":true,"href":"https:\/\/www.canterasdelmundo.com\/pro\/wp-json\/wp\/v2\/product_tag?post=3753"}],"curies":[{"name":"wp","href":"https:\/\/api.w.org\/{rel}","templated":true}]}}