{"id":3762,"date":"2021-02-23T23:28:02","date_gmt":"2021-02-24T02:28:02","guid":{"rendered":"http:\/\/canteras.mase.ar\/?post_type=product&#038;p=3762"},"modified":"2021-04-26T00:19:42","modified_gmt":"2021-04-26T03:19:42","slug":"statuario-milano","status":"publish","type":"product","link":"https:\/\/www.canterasdelmundo.com\/pro\/product\/statuario-milano\/","title":{"rendered":"Statuario Milano"},"content":{"rendered":"","protected":false},"excerpt":{"rendered":"<p class=\"descripcion-producto\">Imita al M\u00e1rmol Estatuario, uno de los m\u00e1rmoles m\u00e1s prestigiosos del mundo, utilizado desde la antig\u00fcedad por su color blanco marfil y sus vetas grises de enorme belleza.<\/p>\n<h5 class=\"spec-title-producto\">Formato<\/h5>\n<p><span class=\"spec-producto\">3,20&#215;1,60m<\/span><\/p>\n<h5 class=\"spec-title-producto\">Espesores<\/h5>\n<p><span class=\"spec-producto\">18mm<\/span><\/p>\n<h5 class=\"spec-title-producto\">Texturas<\/h5>\n<p class=\"m-0\"><img decoding=\"async\" class=\"size-full wp-image-2722 alignnone lazyload\" data-src=\"http:\/\/www.canterasdelmundo.com\/pro\/wp-content\/uploads\/2020\/08\/iconos-ragolia-30.svg\" alt=\"\" src=\"data:image\/svg+xml;base64,PHN2ZyB3aWR0aD0iMSIgaGVpZ2h0PSIxIiB4bWxucz0iaHR0cDovL3d3dy53My5vcmcvMjAwMC9zdmciPjwvc3ZnPg==\" \/><\/p>\n<p><span class=\"spec-producto\">PULIDO<\/span><\/p>\n","protected":false},"featured_media":6987,"comment_status":"open","ping_status":"closed","template":"","meta":{"_acf_changed":false},"product_brand":[],"product_cat":[142],"product_tag":[],"class_list":{"0":"post-3762","1":"product","2":"type-product","3":"status-publish","4":"has-post-thumbnail","6":"product_cat-marmotech","8":"first","9":"instock","10":"shipping-taxable","11":"product-type-simple"},"acf":[],"_links":{"self":[{"href":"https:\/\/www.canterasdelmundo.com\/pro\/wp-json\/wp\/v2\/product\/3762","targetHints":{"allow":["GET"]}}],"collection":[{"href":"https:\/\/www.canterasdelmundo.com\/pro\/wp-json\/wp\/v2\/product"}],"about":[{"href":"https:\/\/www.canterasdelmundo.com\/pro\/wp-json\/wp\/v2\/types\/product"}],"replies":[{"embeddable":true,"href":"https:\/\/www.canterasdelmundo.com\/pro\/wp-json\/wp\/v2\/comments?post=3762"}],"wp:featuredmedia":[{"embeddable":true,"href":"https:\/\/www.canterasdelmundo.com\/pro\/wp-json\/wp\/v2\/media\/6987"}],"wp:attachment":[{"href":"https:\/\/www.canterasdelmundo.com\/pro\/wp-json\/wp\/v2\/media?parent=3762"}],"wp:term":[{"taxonomy":"product_brand","embeddable":true,"href":"https:\/\/www.canterasdelmundo.com\/pro\/wp-json\/wp\/v2\/product_brand?post=3762"},{"taxonomy":"product_cat","embeddable":true,"href":"https:\/\/www.canterasdelmundo.com\/pro\/wp-json\/wp\/v2\/product_cat?post=3762"},{"taxonomy":"product_tag","embeddable":true,"href":"https:\/\/www.canterasdelmundo.com\/pro\/wp-json\/wp\/v2\/product_tag?post=3762"}],"curies":[{"name":"wp","href":"https:\/\/api.w.org\/{rel}","templated":true}]}}